{"id":1991,"date":"2018-10-25T16:42:43","date_gmt":"2018-10-25T14:42:43","guid":{"rendered":"https:\/\/www.ngveterinaris.cat\/?page_id=1991"},"modified":"2018-10-25T16:42:43","modified_gmt":"2018-10-25T14:42:43","slug":"politica-de-cookies","status":"publish","type":"page","link":"https:\/\/www.ngveterinaris.cat\/es\/politica-de-cookies\/","title":{"rendered":"Pol\u00edtica de cookies"},"content":{"rendered":"<div class=\"fusion-fullwidth fullwidth-box fusion-builder-row-1 hundred-percent-fullwidth non-hundred-percent-height-scrolling fusion-equal-height-columns\" style=\"--awb-background-position:left top;--awb-border-radius-top-left:0px;--awb-border-radius-top-right:0px;--awb-border-radius-bottom-right:0px;--awb-border-radius-bottom-left:0px;--awb-padding-top:0px;--awb-padding-right:0px;--awb-padding-bottom:0px;--awb-padding-left:0px;--awb-border-sizes-top:0px;--awb-border-sizes-bottom:0px;--awb-flex-wrap:wrap;\" ><div class=\"fusion-builder-row fusion-row\"><div class=\"fusion-layout-column fusion_builder_column fusion-builder-column-0 fusion_builder_column_1_1 1_1 fusion-one-full fusion-column-first fusion-column-last\" style=\"--awb-padding-top:5%;--awb-padding-right:13%;--awb-padding-bottom:5%;--awb-padding-left:13%;--awb-bg-position:center center;--awb-bg-size:cover;--awb-margin-bottom:0px;\"><div class=\"fusion-column-wrapper fusion-flex-column-wrapper-legacy\"><div class=\"fusion-text fusion-text-1\"><h2><strong><span style=\"color: #004b19;\">Pol\u00edtica de cookies<\/span><\/strong><\/h2>\n<\/div><div class=\"fusion-text fusion-text-2\"><p>CALEPAL 97 S.L.P., es la responsable de las cookies de la Web y del tratamiento de los datos obtenidos a trav\u00e9s de las mismas, decidiendo sobre la finalidad del tratamiento en relaci\u00f3n con la informaci\u00f3n recabada. En este sentido, el acceso, la navegaci\u00f3n y el uso de los servicios en la Web de CALEPAL 97 S.L.P. implican la aceptaci\u00f3n de la presente<\/p>\n<p>Pol\u00edtica de Cookies.<\/p>\n<p>Una cookie es un peque\u00f1o archivo que se almacena en el dispositivo del Usuario y nos permite reconocerlo. El conjunto de cookies nos ayuda a mejorar la calidad de la Web de CALEPAL 97 S.L.P..<\/p>\n<p>Mediante el acceso a la Web, el Usuario acepta de manera expresa la utilizaci\u00f3n de este tipo de cookies en sus dispositivos. En caso que el Usuario no acepte la utilizaci\u00f3n de las mismas, deber\u00e1 configurar su navegador web, de tal forma que rechace la instalaci\u00f3n y\/o utilizaci\u00f3n de las cookies en su dispositivo. No obstante, en caso de que el Usuario desactive las cookies, puede que su navegaci\u00f3n por la Web no sea \u00f3ptima y algunas de las utilidades no funcionen correctamente.<\/p>\n<p>Concretamente, la Web de CALEPAL 97 S.L.P. est\u00e1 utilizando las siguientes cookies para las finalidades que a continuaci\u00f3n se exponen:<\/p>\n<p><b>Necesario (1)<\/b><\/p>\n<table border=\"1\" cellspacing=\"0\" cellpadding=\"0\">\n<tbody>\n<tr>\n<td valign=\"top\" width=\"701\"><b>Las cookies necesarias ayudan a hacer una p\u00e1gina web utilizable activando funciones b\u00e1sicas como la navegaci\u00f3n en la p\u00e1gina y el acceso a \u00e1reas seguras de la p\u00e1gina web. La p\u00e1gina web no puede funcionar adecuadamente sin estas cookies.<\/b><\/td>\n<\/tr>\n<tr>\n<td valign=\"top\" width=\"701\">\n<table border=\"1\" width=\"99%\" cellspacing=\"0\" cellpadding=\"0\">\n<tbody>\n<tr>\n<td valign=\"top\"><b>Nombre<\/b><\/td>\n<td valign=\"top\"><b>Proveedor<\/b><\/td>\n<td valign=\"top\"><b>Prop\u00f3sito<\/b><\/td>\n<td valign=\"top\"><b>Caducidad<\/b><\/td>\n<td valign=\"top\"><b>Tipo<\/b><\/td>\n<\/tr>\n<tr>\n<td valign=\"top\"><b>CookieConsent<\/b><\/td>\n<td valign=\"top\">ngveterinaris.cat<\/td>\n<td valign=\"top\">NECESARIAS<\/td>\n<td valign=\"top\" width=\"13%\">13\u00a0meses<\/td>\n<td valign=\"top\">HTTP<\/td>\n<\/tr>\n<\/tbody>\n<\/table>\n<\/td>\n<\/tr>\n<\/tbody>\n<\/table>\n<p><b>Estad\u00edstica (5)<\/b><\/p>\n<table border=\"1\" cellspacing=\"0\" cellpadding=\"0\">\n<tbody>\n<tr>\n<td valign=\"top\" width=\"701\"><b>Las cookies estad\u00edsticas ayudan a los propietarios de p\u00e1ginas web a comprender c\u00f3mo interact\u00faan los visitantes con las p\u00e1ginas web reuniendo y proporcionando informaci\u00f3n de forma an\u00f3nima.<\/b><\/td>\n<\/tr>\n<tr>\n<td valign=\"top\" width=\"701\">\n<table border=\"1\" width=\"99%\" cellspacing=\"0\" cellpadding=\"0\">\n<tbody>\n<tr>\n<td valign=\"top\"><b>Nombre<\/b><\/td>\n<td valign=\"top\"><b>Proveedor<\/b><\/td>\n<td valign=\"top\"><b>Prop\u00f3sito<\/b><\/td>\n<td valign=\"top\"><b>Caducidad<\/b><\/td>\n<td valign=\"top\"><b>Tipo<\/b><\/td>\n<\/tr>\n<tr>\n<td valign=\"top\"><b>NID<\/b><\/td>\n<td valign=\"top\">google.com<\/td>\n<td valign=\"top\">ESTADSTICAS<\/td>\n<td valign=\"top\" width=\"13%\">6\u00a0meses<\/td>\n<td valign=\"top\">HTTP<\/td>\n<\/tr>\n<tr>\n<td valign=\"top\"><b>__utma<\/b><\/td>\n<td valign=\"top\">ngveterinaris.cat<\/td>\n<td valign=\"top\">ESTADISTICAS<\/td>\n<td valign=\"top\" width=\"13%\">2\u00a0a\u00f1os<\/td>\n<td valign=\"top\">HTTP<\/td>\n<\/tr>\n<tr>\n<td valign=\"top\"><b>__utmb<\/b><\/td>\n<td valign=\"top\">ngveterinaris.cat<\/td>\n<td valign=\"top\">ESTADISTICAS<\/td>\n<td valign=\"top\" width=\"13%\">Session<\/td>\n<td valign=\"top\">HTTP<\/td>\n<\/tr>\n<tr>\n<td valign=\"top\"><b>__utmc<\/b><\/td>\n<td valign=\"top\">ngveterinaris.cat<\/td>\n<td valign=\"top\">ESTADISTICAS<\/td>\n<td valign=\"top\" width=\"13%\">Session<\/td>\n<td valign=\"top\">HTTP<\/td>\n<\/tr>\n<tr>\n<td valign=\"top\"><b>__utmz<\/b><\/td>\n<td valign=\"top\">ngveterinaris.cat<\/td>\n<td valign=\"top\">ESTADISTICAS<\/td>\n<td valign=\"top\" width=\"13%\">6\u00a0meses<\/td>\n<td valign=\"top\">HTTP<\/td>\n<\/tr>\n<\/tbody>\n<\/table>\n<\/td>\n<\/tr>\n<\/tbody>\n<\/table>\n<p><b>No clasificados (3)<\/b><\/p>\n<table border=\"1\" cellspacing=\"0\" cellpadding=\"0\">\n<tbody>\n<tr>\n<td valign=\"top\" width=\"705\"><b>Las cookies no clasificadas son cookies para las que todav\u00eda estamos en proceso de clasificar, junto con los proveedores de cookies individuales.<\/b><\/td>\n<\/tr>\n<tr>\n<td valign=\"top\" width=\"705\">\n<table border=\"1\" width=\"99%\" cellspacing=\"0\" cellpadding=\"0\">\n<tbody>\n<tr>\n<td valign=\"top\"><b>Nombre<\/b><\/td>\n<td valign=\"top\"><b>Proveedor<\/b><\/td>\n<td valign=\"top\"><b>Prop\u00f3sito<\/b><\/td>\n<td valign=\"top\"><b>Caducidad<\/b><\/td>\n<td valign=\"top\"><b>Tipo<\/b><\/td>\n<\/tr>\n<tr>\n<td valign=\"top\"><b>__utmt<\/b><\/td>\n<td valign=\"top\">ngveterinaris.cat<\/td>\n<td valign=\"top\">SIN CLASIFICAR<\/td>\n<td valign=\"top\" width=\"13%\">Session<\/td>\n<td valign=\"top\">HTTP<\/td>\n<\/tr>\n<tr>\n<td valign=\"top\"><b>last_display<\/b><\/td>\n<td valign=\"top\">ngveterinaris.cat<\/td>\n<td valign=\"top\">SIN CLASIFICAR<\/td>\n<td valign=\"top\" width=\"13%\">Session<\/td>\n<td valign=\"top\">HTTP<\/td>\n<\/tr>\n<tr>\n<td valign=\"top\"><b>qtrans_cookie_test<\/b><\/td>\n<td valign=\"top\">ngveterinaris.cat<\/td>\n<td valign=\"top\">SIN CLASIFICAR<\/td>\n<td valign=\"top\" width=\"13%\">Session<\/td>\n<td valign=\"top\">HTTP<\/td>\n<\/tr>\n<\/tbody>\n<\/table>\n<\/td>\n<\/tr>\n<\/tbody>\n<\/table>\n<\/div><div class=\"fusion-sep-clear\"><\/div><div class=\"fusion-separator fusion-full-width-sep\" style=\"margin-left: auto;margin-right: auto;margin-top:60px;width:100%;\"><\/div><div class=\"fusion-sep-clear\"><\/div><div class=\"fusion-clearfix\"><\/div><\/div><\/div><\/div><\/div>\n","protected":false},"excerpt":{"rendered":"","protected":false},"author":1,"featured_media":0,"parent":0,"menu_order":0,"comment_status":"closed","ping_status":"closed","template":"100-width.php","meta":{"footnotes":""},"class_list":["post-1991","page","type-page","status-publish","hentry"],"yoast_head":"<!-- This site is optimized with the Yoast SEO plugin v27.1.1 - https:\/\/yoast.com\/product\/yoast-seo-wordpress\/ -->\n<title>Pol\u00edtica de cookies - NG Veterinaris. Centre Veterinari a Calella i Palafolls.<\/title>\n<meta name=\"description\" content=\"NG Veterinaris som professionals veterinaris i auxiliars que estimem la nostra feina. Als nostres centres veterinaris de Calella i Palafolls us atendrem.\" \/>\n<meta name=\"robots\" content=\"index, follow, max-snippet:-1, max-image-preview:large, max-video-preview:-1\" \/>\n<link rel=\"canonical\" href=\"https:\/\/www.ngveterinaris.cat\/es\/politica-de-cookies\/\" \/>\n<meta property=\"og:locale\" content=\"es_ES\" \/>\n<meta property=\"og:type\" content=\"article\" \/>\n<meta property=\"og:title\" content=\"Pol\u00edtica de cookies - NG Veterinaris. Centre Veterinari a Calella i Palafolls.\" \/>\n<meta property=\"og:description\" content=\"NG Veterinaris som professionals veterinaris i auxiliars que estimem la nostra feina. Als nostres centres veterinaris de Calella i Palafolls us atendrem.\" \/>\n<meta property=\"og:url\" content=\"https:\/\/www.ngveterinaris.cat\/es\/politica-de-cookies\/\" \/>\n<meta property=\"og:site_name\" content=\"NG Veterinaris\" \/>\n<meta name=\"twitter:card\" content=\"summary_large_image\" \/>\n<meta name=\"twitter:label1\" content=\"Tiempo de lectura\" \/>\n\t<meta name=\"twitter:data1\" content=\"3 minutos\" \/>\n<script type=\"application\/ld+json\" class=\"yoast-schema-graph\">{\"@context\":\"https:\/\/schema.org\",\"@graph\":[{\"@type\":\"WebPage\",\"@id\":\"https:\/\/www.ngveterinaris.cat\/es\/politica-de-cookies\/\",\"url\":\"https:\/\/www.ngveterinaris.cat\/es\/politica-de-cookies\/\",\"name\":\"Pol\u00edtica de cookies - NG Veterinaris. Centre Veterinari a Calella i Palafolls.\",\"isPartOf\":{\"@id\":\"https:\/\/www.ngveterinaris.cat\/es\/#website\"},\"datePublished\":\"2018-10-25T14:42:43+00:00\",\"description\":\"NG Veterinaris som professionals veterinaris i auxiliars que estimem la nostra feina. Als nostres centres veterinaris de Calella i Palafolls us atendrem.\",\"breadcrumb\":{\"@id\":\"https:\/\/www.ngveterinaris.cat\/es\/politica-de-cookies\/#breadcrumb\"},\"inLanguage\":\"es\",\"potentialAction\":[{\"@type\":\"ReadAction\",\"target\":[\"https:\/\/www.ngveterinaris.cat\/es\/politica-de-cookies\/\"]}]},{\"@type\":\"BreadcrumbList\",\"@id\":\"https:\/\/www.ngveterinaris.cat\/es\/politica-de-cookies\/#breadcrumb\",\"itemListElement\":[{\"@type\":\"ListItem\",\"position\":1,\"name\":\"Inici\",\"item\":\"https:\/\/www.ngveterinaris.cat\/es\/\"},{\"@type\":\"ListItem\",\"position\":2,\"name\":\"Pol\u00edtica de cookies\"}]},{\"@type\":\"WebSite\",\"@id\":\"https:\/\/www.ngveterinaris.cat\/es\/#website\",\"url\":\"https:\/\/www.ngveterinaris.cat\/es\/\",\"name\":\"NG Veterinaris\",\"description\":\"Veterinaris a Calella i Palafolls\",\"publisher\":{\"@id\":\"https:\/\/www.ngveterinaris.cat\/es\/#organization\"},\"potentialAction\":[{\"@type\":\"SearchAction\",\"target\":{\"@type\":\"EntryPoint\",\"urlTemplate\":\"https:\/\/www.ngveterinaris.cat\/es\/?s={search_term_string}\"},\"query-input\":{\"@type\":\"PropertyValueSpecification\",\"valueRequired\":true,\"valueName\":\"search_term_string\"}}],\"inLanguage\":\"es\"},{\"@type\":\"Organization\",\"@id\":\"https:\/\/www.ngveterinaris.cat\/es\/#organization\",\"name\":\"NG Centre Veterinari\",\"url\":\"https:\/\/www.ngveterinaris.cat\/es\/\",\"logo\":{\"@type\":\"ImageObject\",\"inLanguage\":\"es\",\"@id\":\"https:\/\/www.ngveterinaris.cat\/es\/#\/schema\/logo\/image\/\",\"url\":\"https:\/\/www.ngveterinaris.cat\/wp-content\/uploads\/2016\/12\/2x_NG_veterinaris_logo.png\",\"contentUrl\":\"https:\/\/www.ngveterinaris.cat\/wp-content\/uploads\/2016\/12\/2x_NG_veterinaris_logo.png\",\"width\":281,\"height\":100,\"caption\":\"NG Centre Veterinari\"},\"image\":{\"@id\":\"https:\/\/www.ngveterinaris.cat\/es\/#\/schema\/logo\/image\/\"}}]}<\/script>\n<!-- \/ Yoast SEO plugin. -->","yoast_head_json":{"title":"Pol\u00edtica de cookies - NG Veterinaris. Centre Veterinari a Calella i Palafolls.","description":"NG Veterinaris som professionals veterinaris i auxiliars que estimem la nostra feina. Als nostres centres veterinaris de Calella i Palafolls us atendrem.","robots":{"index":"index","follow":"follow","max-snippet":"max-snippet:-1","max-image-preview":"max-image-preview:large","max-video-preview":"max-video-preview:-1"},"canonical":"https:\/\/www.ngveterinaris.cat\/es\/politica-de-cookies\/","og_locale":"es_ES","og_type":"article","og_title":"Pol\u00edtica de cookies - NG Veterinaris. Centre Veterinari a Calella i Palafolls.","og_description":"NG Veterinaris som professionals veterinaris i auxiliars que estimem la nostra feina. Als nostres centres veterinaris de Calella i Palafolls us atendrem.","og_url":"https:\/\/www.ngveterinaris.cat\/es\/politica-de-cookies\/","og_site_name":"NG Veterinaris","twitter_card":"summary_large_image","twitter_misc":{"Tiempo de lectura":"3 minutos"},"schema":{"@context":"https:\/\/schema.org","@graph":[{"@type":"WebPage","@id":"https:\/\/www.ngveterinaris.cat\/es\/politica-de-cookies\/","url":"https:\/\/www.ngveterinaris.cat\/es\/politica-de-cookies\/","name":"Pol\u00edtica de cookies - NG Veterinaris. Centre Veterinari a Calella i Palafolls.","isPartOf":{"@id":"https:\/\/www.ngveterinaris.cat\/es\/#website"},"datePublished":"2018-10-25T14:42:43+00:00","description":"NG Veterinaris som professionals veterinaris i auxiliars que estimem la nostra feina. Als nostres centres veterinaris de Calella i Palafolls us atendrem.","breadcrumb":{"@id":"https:\/\/www.ngveterinaris.cat\/es\/politica-de-cookies\/#breadcrumb"},"inLanguage":"es","potentialAction":[{"@type":"ReadAction","target":["https:\/\/www.ngveterinaris.cat\/es\/politica-de-cookies\/"]}]},{"@type":"BreadcrumbList","@id":"https:\/\/www.ngveterinaris.cat\/es\/politica-de-cookies\/#breadcrumb","itemListElement":[{"@type":"ListItem","position":1,"name":"Inici","item":"https:\/\/www.ngveterinaris.cat\/es\/"},{"@type":"ListItem","position":2,"name":"Pol\u00edtica de cookies"}]},{"@type":"WebSite","@id":"https:\/\/www.ngveterinaris.cat\/es\/#website","url":"https:\/\/www.ngveterinaris.cat\/es\/","name":"NG Veterinaris","description":"Veterinaris a Calella i Palafolls","publisher":{"@id":"https:\/\/www.ngveterinaris.cat\/es\/#organization"},"potentialAction":[{"@type":"SearchAction","target":{"@type":"EntryPoint","urlTemplate":"https:\/\/www.ngveterinaris.cat\/es\/?s={search_term_string}"},"query-input":{"@type":"PropertyValueSpecification","valueRequired":true,"valueName":"search_term_string"}}],"inLanguage":"es"},{"@type":"Organization","@id":"https:\/\/www.ngveterinaris.cat\/es\/#organization","name":"NG Centre Veterinari","url":"https:\/\/www.ngveterinaris.cat\/es\/","logo":{"@type":"ImageObject","inLanguage":"es","@id":"https:\/\/www.ngveterinaris.cat\/es\/#\/schema\/logo\/image\/","url":"https:\/\/www.ngveterinaris.cat\/wp-content\/uploads\/2016\/12\/2x_NG_veterinaris_logo.png","contentUrl":"https:\/\/www.ngveterinaris.cat\/wp-content\/uploads\/2016\/12\/2x_NG_veterinaris_logo.png","width":281,"height":100,"caption":"NG Centre Veterinari"},"image":{"@id":"https:\/\/www.ngveterinaris.cat\/es\/#\/schema\/logo\/image\/"}}]}},"_links":{"self":[{"href":"https:\/\/www.ngveterinaris.cat\/es\/wp-json\/wp\/v2\/pages\/1991","targetHints":{"allow":["GET"]}}],"collection":[{"href":"https:\/\/www.ngveterinaris.cat\/es\/wp-json\/wp\/v2\/pages"}],"about":[{"href":"https:\/\/www.ngveterinaris.cat\/es\/wp-json\/wp\/v2\/types\/page"}],"author":[{"embeddable":true,"href":"https:\/\/www.ngveterinaris.cat\/es\/wp-json\/wp\/v2\/users\/1"}],"replies":[{"embeddable":true,"href":"https:\/\/www.ngveterinaris.cat\/es\/wp-json\/wp\/v2\/comments?post=1991"}],"version-history":[{"count":0,"href":"https:\/\/www.ngveterinaris.cat\/es\/wp-json\/wp\/v2\/pages\/1991\/revisions"}],"wp:attachment":[{"href":"https:\/\/www.ngveterinaris.cat\/es\/wp-json\/wp\/v2\/media?parent=1991"}],"curies":[{"name":"wp","href":"https:\/\/api.w.org\/{rel}","templated":true}]}}