{"id":1985,"date":"2018-10-25T16:43:17","date_gmt":"2018-10-25T14:43:17","guid":{"rendered":"https:\/\/www.ngveterinaris.cat\/?page_id=1985"},"modified":"2018-10-25T16:43:17","modified_gmt":"2018-10-25T14:43:17","slug":"aviso-legal-y-politica-de-privacidad","status":"publish","type":"page","link":"https:\/\/www.ngveterinaris.cat\/es\/aviso-legal-y-politica-de-privacidad\/","title":{"rendered":"Aviso legal y pol\u00edtica de privacidad"},"content":{"rendered":"<div class=\"fusion-fullwidth fullwidth-box fusion-builder-row-1 hundred-percent-fullwidth non-hundred-percent-height-scrolling fusion-equal-height-columns\" style=\"--awb-background-position:left top;--awb-border-radius-top-left:0px;--awb-border-radius-top-right:0px;--awb-border-radius-bottom-right:0px;--awb-border-radius-bottom-left:0px;--awb-padding-top:0px;--awb-padding-right:0px;--awb-padding-bottom:0px;--awb-padding-left:0px;--awb-border-sizes-top:0px;--awb-border-sizes-bottom:0px;--awb-flex-wrap:wrap;\" ><div class=\"fusion-builder-row fusion-row\"><div class=\"fusion-layout-column fusion_builder_column fusion-builder-column-0 fusion_builder_column_1_1 1_1 fusion-one-full fusion-column-first fusion-column-last\" style=\"--awb-padding-top:5%;--awb-padding-right:13%;--awb-padding-bottom:5%;--awb-padding-left:13%;--awb-bg-position:center center;--awb-bg-size:cover;--awb-margin-bottom:0px;\"><div class=\"fusion-column-wrapper fusion-flex-column-wrapper-legacy\"><div class=\"fusion-text fusion-text-1\"><h2><strong><span style=\"color: #004b19;\">Aviso legal y pol\u00edtica de privacidad<\/span><\/strong><\/h2>\n<\/div><div class=\"fusion-text fusion-text-2\"><p>La prestaci\u00f3n de los servicios de CALEPAL 97 S.L.P conlleva necesariamente el tratamiento de los datos personales de sus clientes. Para CALEPAL 97 S.L.P. tus datos son importantes. Gracias a ellos podemos estar en contacto para informarte de nuestras actividades, servicios y comunicaci\u00f3n contigo. Por este motivo nos tomamos muy seriamente la protecci\u00f3n de tus datos personales que guardamos utilizando una forma transparente, segura y responsable.<\/p>\n<p>Conforme al REGLAMENTO (UE) 2016\/679 DEL PARLAMENTO EUROPEO Y DEL CONSEJO de 27 de abril de 2016, relativo a la protecci\u00f3n de las personas f\u00edsicas en lo que respecta al tratamiento de datos personales y a la libre circulaci\u00f3n de estos datos, y a la legislaci\u00f3n de protecci\u00f3n de datos vigente en Espa\u00f1a, CALEPAL 97 S.L.P. \u00a0le informa del tratamiento de los mismos y expresa en la presente pol\u00edtica las condiciones como responsables del tratamiento.<\/p>\n<p>Los tratamientos ser\u00e1n realizados por:<\/p>\n<p>CALEPAL 97 S.L.P.<\/p>\n<p>C\/BARCELONA, 14 LOCAL 1, 08370 BARCELONA<\/p>\n<p>CIF: B61314944<\/p>\n<p>Y a efectos de comunicaci\u00f3n la direcci\u00f3n de la empresa ser\u00e1:<\/p>\n<p><a href=\"mailto:info@ngveterinaris.cat\">info@ngveterinaris.cat<\/a><\/p>\n<p><strong>FINALIDAD DE LA RECOGIDA Y TRATAMIENTO DE DATOS PERSONALES<\/strong><\/p>\n<p>Le informamos que sus datos personales ser\u00e1n tratados por la empresa CALEPAL 97 S.L.P. para poder gestionar el servicio solicitado y hacerle llegar ofertas y promociones.<\/p>\n<p>Es posible que se le remita publicidad v\u00eda electr\u00f3nica sobre ofertas, promociones y recomendaciones, si as\u00ed lo autoriz\u00f3 en el momento de la recogida de sus datos, mediante consentimiento expl\u00edcito y afirmativo o bien si es o ha sido cliente de CALEPAL 97 S.L.P.<\/p>\n<p>As\u00ed mismo, en algunos casos, se realizar\u00e1n encuestas y estudios estad\u00edsticos a clientes.<\/p>\n<p><strong>DATOS PERSONALES QUE SER\u00c1N TRATADOS<\/strong><\/p>\n<p>Se entiende por datos personales aquellos datos que le identifican o podr\u00edan emplearse para ello. Los datos a tratar por CALEPAL 97 S.L.P. en el marco de la relaci\u00f3n con el interesado y condicionado a las finalidades consentidas, se incluyen en las siguientes categor\u00edas:<\/p>\n<p>-Datos identificativos y de contacto, por ejemplo: nombre, apellidos, tel\u00e9fono o correo electr\u00f3nico.<\/p>\n<p>-Datos de informaci\u00f3n comercial en funci\u00f3n de las indicaciones recibidas.<\/p>\n<p>-Aquellos datos estrictamente necesarios para la prestaci\u00f3n del servicio que ha contratado con CALEPAL 97 S.L.P.<\/p>\n<p><strong>\u00bfCUANDO RECABAMOS SUS DATOS PERSONALES?<\/strong><\/p>\n<p>Mayoritariamente, pero no de forma limitativa, sus datos podr\u00e1n ser recogidos cuando se nos faciliten f\u00edsicamente en el centro veterinario, v\u00eda formulario web, la recepci\u00f3n de emails o mediante la formalizaci\u00f3n de contratos.<\/p>\n<p><strong>COMUNICACI\u00d3N Y DESTINO DE LOS DATOS.<\/strong><\/p>\n<p>Los datos del interesado podr\u00e1n ser comunicados a CALEPAL 97 S.L.P., \u00a0exclusivamente para las finalidades indicadas. Tambi\u00e9n podr\u00e1n ser cedidos en los casos en que exista una obligaci\u00f3n legal a las autoridades competentes.<\/p>\n<p><strong>BASE JUR\u00cdDICA QUE LEGITIMA EL TRATAMIENTO DE LOS DATOS PERSONALES<\/strong><\/p>\n<p>La base jur\u00eddica que legitima los tratamientos es la ejecuci\u00f3n del contrato en caso de contrataci\u00f3n o bien consentimiento expl\u00edcito. El cliente puede retirar el consentimiento en cualquier momento.<\/p>\n<p><strong>PERIODO DE CONSERVACI\u00d3N DE SUS DATOS PERSONALES<\/strong><\/p>\n<p>Los datos personales proporcionados se conservar\u00e1n mientras sean necesarios para dar respuesta a la relaci\u00f3n contractual, para dar respuesta a las peticiones o solicitudes realizadas, y en cualquier caso mientras no se solicite la supresi\u00f3n por el interesado, as\u00ed como el tiempo necesario para dar cumplimiento a las obligaciones legales que en cada caso correspondan acorde con cada tipolog\u00eda de datos.<\/p>\n<p><strong>DERECHOS DE LOS INTERESADOS EN RELACI\u00d3N A SUS DATOS PERSONALES<\/strong><\/p>\n<p>Ud. tiene derecho a acceder a sus datos personales, as\u00ed como a solicitar la rectificaci\u00f3n de sus datos, si considera que no son exactos. Tambi\u00e9n se puede solicitar la supresi\u00f3n, en situaciones en las que ya no sean pertinentes para los fines para los que fueron recogidos.<\/p>\n<p>Podr\u00e1 oponerse al tratamiento de sus datos, si dadas sus circunstancias personales fuera adecuado. En tal caso, CALEPAL 97 S.L.P., \u00a0\u00a0dejar\u00e1 de tratar los datos salvo por motivos leg\u00edtimos, como cumplir con las obligaciones legales o la defensa de posibles reclamaciones.<\/p>\n<p>En determinadas circunstancias, los clientes o interesados podr\u00e1n solicitar la limitaci\u00f3n del tratamiento, de modo que CALEPAL 97 S.L.P., \u00a0\u00a0s\u00f3lo los reservar\u00e1 y utilizar\u00e1 en los casos autorizados por la Ley.<\/p>\n<p>Ud. Puede solicitar la portabilidad de sus datos: El derecho a la portabilidad consiste en recoger en un formato estructurado sus datos en formato electr\u00f3nico para la transmisi\u00f3n directa de los mismos a otros responsables. As\u00ed mismo podr\u00e1 recibirlos, para almacenarlos en los dispositivos que considere usted apropiados, sin necesidad de transmitirlos a otros responsables.<\/p>\n<p>El interesado podr\u00e1 ejercer sus derechos mediante el env\u00edo de un correo electr\u00f3nico a la direcci\u00f3n <a href=\"mailto:info@ngveterinaris.cat\">info@ngveterinaris.cat<\/a> , adjuntando fotocopia del DNI o certificado digital e indicando la motivaci\u00f3n y el derecho que se desea ejercer.<\/p>\n<p><strong><em><u>CONDICIONES DE USO<\/u><\/em><\/strong><\/p>\n<p>En cumplimiento de la Ley 34\/2002, de Servicios de la Sociedad de la Informaci\u00f3n y Comercio Electr\u00f3nico, CALEPAL 97 S.L.P. informa al Usuario de la Web: <a href=\"https:\/\/www.ngveterinaris.cat\/\">https:\/\/www.ngveterinaris.cat\/<\/a> , que el acceso, navegaci\u00f3n y utilizaci\u00f3n de la misma implica la aceptaci\u00f3n expresa de todos los t\u00e9rminos incluidos en las presentes Condiciones de Uso y su cumplimiento ser\u00e1 exigible respecto de cualquier persona que acceda, navegue o utilice dicha Web.<\/p>\n<p><strong><em><u>IDENTIFICACI\u00d3N<\/u><\/em><\/strong><\/p>\n<p>https:\/\/www.ngveterinaris.cat\/ (en adelante la Web):<\/p>\n<p>Denominaci\u00f3n Social:<\/p>\n<p>CALEPAL 97 S.L.P.<\/p>\n<p>C\/BARCELONA, 14 LOCAL 1, 08370 BARCELONA<\/p>\n<p>CIF: B61314944<\/p>\n<p>Y a efectos de comunicaci\u00f3n la direcci\u00f3n de la empresa ser\u00e1:<\/p>\n<p><a href=\"mailto:info@ngveterinaris.cat\">info@ngveterinaris.cat<\/a><\/p>\n<p>Inscrita en el Registro Mercantil de Barcelona PONER DATOS<\/p>\n<p><strong><em><u>OBJETO Y \u00c1MBITO DE APLICACI\u00d3N<\/u><\/em><\/strong><\/p>\n<p>Las presentes Condiciones de Uso tienen por objeto regular el acceso, la navegaci\u00f3n y la utilizaci\u00f3n de la Web por el Usuario, sin perjuicio del derecho que CALEPAL 97 S.L.P.se reserva a modificarlas.<\/p>\n<p>El acceso, la navegaci\u00f3n y la utilizaci\u00f3n de los contenidos de la Web por parte del Usuario tras la entrada en vigor de Condiciones modificadas suponen la aceptaci\u00f3n de las mismas.<\/p>\n<p>A efectos de interpretaci\u00f3n, entendemos que una persona pasa a ser Usuario de la Web en el momento en que \u00e9ste acceda, navegue y\/o utilice los contenidos de la Web y acepta las Condiciones de Uso y la Pol\u00edtica de Privacidad establecidas.<\/p>\n<p><strong><em><u>RESPONSABILIDADES<\/u><\/em><\/strong><\/p>\n<p>CALEPAL 97 S.L.P. no se hace responsable:<\/p>\n<ol>\n<li>del inadecuado funcionamiento y\/o errores de la Web si ello obedece a labores de mantenimiento, a incidencias, a un defectuoso funcionamiento del terminal o su insuficiente capacidad para soportar los sistemas indispensables para hacer uso del servicio.<\/li>\n<li>de los virus y\/o dem\u00e1s componentes da\u00f1inos en la Web o en el servidor que la suministra<\/li>\n<li>los da\u00f1os que se genere al Usuario en caso de imposibilidad de prestar el servicio debido a supuestos de caso fortuito, fuerza mayor u otras causas no imputables a CALEPAL 97 S.L.P..<\/li>\n<li>los perjuicios que cause, a s\u00ed mismo o a un tercero, cualquier persona que infringiera las Condiciones de Uso que CALEPAL 97 S.L.P. establece en la Web o a trav\u00e9s de la vulneraci\u00f3n de los sistemas de seguridad de la Web.<\/li>\n<li>de la informaci\u00f3n publicada en su Web, siempre que esta informaci\u00f3n haya sido manipulada o introducida por un tercero.<\/li>\n<\/ol>\n<p>CALEPAL 97 S.L.P. declara que ha adoptado todas las medidas necesarias, dentro de sus posibilidades y del estado de la t\u00e9cnica, para garantizar el funcionamiento de la Web y reducir al m\u00ednimo los errores del sistema, tanto desde el punto de vista t\u00e9cnico como legal y organizativo.<\/p>\n<p>CALEPAL 97 S.L.P. adoptar\u00e1 las medidas oportunas para asegurar una respuesta r\u00e1pida, sin responsabilizarse por los retrasos que sean debidos a los servicios de telecomunicaciones.<\/p>\n<p>Asimismo, CALEPAL 97 S.L.P. no se hace responsable de la informaci\u00f3n almacenada en blogs, comentarios, redes sociales o cualesquier otro medio que permita a terceros publicar informaci\u00f3n en su Web.<\/p>\n<p><strong><em><u>REGLAS DE ACCESO Y USO DE LOS CONTENIDOS <\/u><\/em><\/strong><\/p>\n<p>En particular, y sin que el siguiente listado tenga car\u00e1cter absoluto, queda prohibido:<\/p>\n<ol>\n<li>Obtener los contenidos facilitados en la Web por medios il\u00edcitos, fraudulentos, robo o plagio.<\/li>\n<li>Utilizar alguno de los servicios y contenidos que CALEPAL 97 S.L.P. pone a su disposici\u00f3n, con fines il\u00edcitos.<\/li>\n<li>Realizar cualquier actividad que pudiera da\u00f1ar, sobrecargar, deteriorar o impedir la actividad normal de la Web o en el ordenador de un tercero.<\/li>\n<li>Usar la Web para la transmisi\u00f3n, instalaci\u00f3n o publicaci\u00f3n de cualquier virus, c\u00f3digo malicioso u otros programas o archivos perjudiciales;<\/li>\n<li>Acceder sin autorizaci\u00f3n a cualquier secci\u00f3n de la Web, a otros sistemas o redes conectadas, a ning\u00fan servidor de CALEPAL 97 S.L.P., ni a los servicios ofrecidos a trav\u00e9s de la Web, por medio de pirateo o falsificaci\u00f3n, extracci\u00f3n de contrase\u00f1as o cualquier otro medio ileg\u00edtimo;<\/li>\n<\/ol>\n<p>En el supuesto de que el Usuario causare da\u00f1os a terceros, por hacer uso de cualquier servicio y contenido facilitados a trav\u00e9s de la Web, exonera expresamente a CALEPAL 97 S.L.P., de cualquier responsabilidad que le pudiera ser imputada. A tales efectos, el Usuario asumir\u00e1 la responsabilidad exclusiva que pudiera derivarse.<\/p>\n<p>CALEPAL 97 S.L.P.se reserva el derecho de ejercicio de las acciones legales oportunas en caso de incumplimiento de cualquiera de las anteriores obligaciones por parte del Usuario.<\/p>\n<p><strong><em><u>ENLACES A OTRAS P\u00c1GINAS WEB <\/u><\/em><\/strong><\/p>\n<p>CALEPAL 97 S.L.P. no controla los contenidos, ni las Condiciones de Uso ni la Pol\u00edtica de Privacidad de las Webs de terceros.<\/p>\n<p>Asimismo, CALEPAL 97 S.L.P. no ser\u00e1 responsable de la disponibilidad de dichas Webs y no suscribe ning\u00fan tipo de publicidad, productos o servicio ofrecidos en las mismas.<\/p>\n<p>El Usuario acepta que CALEPAL 97 S.L.P. no ser\u00e1 responsable de las p\u00e9rdidas o da\u00f1os en que el Usuario pueda incurrir a consecuencia de la disponibilidad de las mencionadas Webs.<\/p>\n<p>El Usuario podr\u00e1 visualizar, imprimir y copiar los contenidos de esta Web para su uso privado, quedando prohibido su utilizaci\u00f3n con fines comerciales o el ejercicio de los derechos de explotaci\u00f3n: reproducci\u00f3n, distribuci\u00f3n, comunicaci\u00f3n p\u00fablica, puesta de disposici\u00f3n y transformaci\u00f3n, de la totalidad o parte de los contenidos incluidos en la Web, si no se cuenta con la autorizaci\u00f3n previa, expresa y por escrito de CALEPAL 97 S.L.P.<\/p>\n<p><strong><em><u>SUSPENSI\u00d3N DEL SITIO WEB<\/u><\/em><\/strong><\/p>\n<p>CALEPAL 97 S.L.P.se reserva el derecho a suspender, modificar, restringir o interrumpir, ya sea temporal o permanentemente, el acceso, navegaci\u00f3n, uso, alojamiento y\/o descarga del contenido y\/o uso de servicios de la Web, con o sin previa notificaci\u00f3n, sin que medie la posibilidad del Usuario de exigir indemnizaci\u00f3n alguna por esta causa.<\/p>\n<p><strong><em><u>LEGISLACI\u00d3N JURISDICCI\u00d3N APLICABLE<\/u><\/em><\/strong><\/p>\n<p>Las presentes Condiciones de Uso se rigen por la normativa espa\u00f1ola vigente que le es de aplicaci\u00f3n.<\/p>\n<p>Para la resoluci\u00f3n de todas las controversias o cuestiones relacionadas con la\u00a0 presente Web, ser\u00e1 de aplicaci\u00f3n la legislaci\u00f3n espa\u00f1ola, a la que se someten expresamente las partes, siendo competentes para la resoluci\u00f3n de todas las controversias, que pudieran derivarse como consecuencia de lo dispuesto en las presentes disposiciones, los Juzgados y Tribunales de Madrid, as\u00ed como, en su caso, a los Tribunales Arbitrales de consumo.<\/p>\n<\/div><div class=\"fusion-sep-clear\"><\/div><div class=\"fusion-separator fusion-full-width-sep\" style=\"margin-left: auto;margin-right: auto;margin-top:60px;width:100%;\"><\/div><div class=\"fusion-sep-clear\"><\/div><div class=\"fusion-clearfix\"><\/div><\/div><\/div><\/div><\/div>\n","protected":false},"excerpt":{"rendered":"","protected":false},"author":1,"featured_media":0,"parent":0,"menu_order":0,"comment_status":"closed","ping_status":"closed","template":"100-width.php","meta":{"footnotes":""},"class_list":["post-1985","page","type-page","status-publish","hentry"],"yoast_head":"<!-- This site is optimized with the Yoast SEO plugin v27.1.1 - https:\/\/yoast.com\/product\/yoast-seo-wordpress\/ -->\n<title>Aviso legal y pol\u00edtica de privacidad - NG Veterinaris. Centre Veterinari a Calella i Palafolls.<\/title>\n<meta name=\"description\" content=\"NG Veterinaris som professionals veterinaris i auxiliars que estimem la nostra feina. Als nostres centres veterinaris de Calella i Palafolls us atendrem.\" \/>\n<meta name=\"robots\" content=\"index, follow, max-snippet:-1, max-image-preview:large, max-video-preview:-1\" \/>\n<link rel=\"canonical\" href=\"https:\/\/www.ngveterinaris.cat\/es\/aviso-legal-y-politica-de-privacidad\/\" \/>\n<meta property=\"og:locale\" content=\"es_ES\" \/>\n<meta property=\"og:type\" content=\"article\" \/>\n<meta property=\"og:title\" content=\"Aviso legal y pol\u00edtica de privacidad - NG Veterinaris. Centre Veterinari a Calella i Palafolls.\" \/>\n<meta property=\"og:description\" content=\"NG Veterinaris som professionals veterinaris i auxiliars que estimem la nostra feina. Als nostres centres veterinaris de Calella i Palafolls us atendrem.\" \/>\n<meta property=\"og:url\" content=\"https:\/\/www.ngveterinaris.cat\/es\/aviso-legal-y-politica-de-privacidad\/\" \/>\n<meta property=\"og:site_name\" content=\"NG Veterinaris\" \/>\n<meta name=\"twitter:card\" content=\"summary_large_image\" \/>\n<meta name=\"twitter:label1\" content=\"Tiempo de lectura\" \/>\n\t<meta name=\"twitter:data1\" content=\"11 minutos\" \/>\n<script type=\"application\/ld+json\" class=\"yoast-schema-graph\">{\"@context\":\"https:\/\/schema.org\",\"@graph\":[{\"@type\":\"WebPage\",\"@id\":\"https:\/\/www.ngveterinaris.cat\/es\/aviso-legal-y-politica-de-privacidad\/\",\"url\":\"https:\/\/www.ngveterinaris.cat\/es\/aviso-legal-y-politica-de-privacidad\/\",\"name\":\"Aviso legal y pol\u00edtica de privacidad - NG Veterinaris. Centre Veterinari a Calella i Palafolls.\",\"isPartOf\":{\"@id\":\"https:\/\/www.ngveterinaris.cat\/es\/#website\"},\"datePublished\":\"2018-10-25T14:43:17+00:00\",\"description\":\"NG Veterinaris som professionals veterinaris i auxiliars que estimem la nostra feina. Als nostres centres veterinaris de Calella i Palafolls us atendrem.\",\"breadcrumb\":{\"@id\":\"https:\/\/www.ngveterinaris.cat\/es\/aviso-legal-y-politica-de-privacidad\/#breadcrumb\"},\"inLanguage\":\"es\",\"potentialAction\":[{\"@type\":\"ReadAction\",\"target\":[\"https:\/\/www.ngveterinaris.cat\/es\/aviso-legal-y-politica-de-privacidad\/\"]}]},{\"@type\":\"BreadcrumbList\",\"@id\":\"https:\/\/www.ngveterinaris.cat\/es\/aviso-legal-y-politica-de-privacidad\/#breadcrumb\",\"itemListElement\":[{\"@type\":\"ListItem\",\"position\":1,\"name\":\"Inici\",\"item\":\"https:\/\/www.ngveterinaris.cat\/es\/\"},{\"@type\":\"ListItem\",\"position\":2,\"name\":\"Aviso legal y pol\u00edtica de privacidad\"}]},{\"@type\":\"WebSite\",\"@id\":\"https:\/\/www.ngveterinaris.cat\/es\/#website\",\"url\":\"https:\/\/www.ngveterinaris.cat\/es\/\",\"name\":\"NG Veterinaris\",\"description\":\"Veterinaris a Calella i Palafolls\",\"publisher\":{\"@id\":\"https:\/\/www.ngveterinaris.cat\/es\/#organization\"},\"potentialAction\":[{\"@type\":\"SearchAction\",\"target\":{\"@type\":\"EntryPoint\",\"urlTemplate\":\"https:\/\/www.ngveterinaris.cat\/es\/?s={search_term_string}\"},\"query-input\":{\"@type\":\"PropertyValueSpecification\",\"valueRequired\":true,\"valueName\":\"search_term_string\"}}],\"inLanguage\":\"es\"},{\"@type\":\"Organization\",\"@id\":\"https:\/\/www.ngveterinaris.cat\/es\/#organization\",\"name\":\"NG Centre Veterinari\",\"url\":\"https:\/\/www.ngveterinaris.cat\/es\/\",\"logo\":{\"@type\":\"ImageObject\",\"inLanguage\":\"es\",\"@id\":\"https:\/\/www.ngveterinaris.cat\/es\/#\/schema\/logo\/image\/\",\"url\":\"https:\/\/www.ngveterinaris.cat\/wp-content\/uploads\/2016\/12\/2x_NG_veterinaris_logo.png\",\"contentUrl\":\"https:\/\/www.ngveterinaris.cat\/wp-content\/uploads\/2016\/12\/2x_NG_veterinaris_logo.png\",\"width\":281,\"height\":100,\"caption\":\"NG Centre Veterinari\"},\"image\":{\"@id\":\"https:\/\/www.ngveterinaris.cat\/es\/#\/schema\/logo\/image\/\"}}]}<\/script>\n<!-- \/ Yoast SEO plugin. -->","yoast_head_json":{"title":"Aviso legal y pol\u00edtica de privacidad - NG Veterinaris. Centre Veterinari a Calella i Palafolls.","description":"NG Veterinaris som professionals veterinaris i auxiliars que estimem la nostra feina. Als nostres centres veterinaris de Calella i Palafolls us atendrem.","robots":{"index":"index","follow":"follow","max-snippet":"max-snippet:-1","max-image-preview":"max-image-preview:large","max-video-preview":"max-video-preview:-1"},"canonical":"https:\/\/www.ngveterinaris.cat\/es\/aviso-legal-y-politica-de-privacidad\/","og_locale":"es_ES","og_type":"article","og_title":"Aviso legal y pol\u00edtica de privacidad - NG Veterinaris. Centre Veterinari a Calella i Palafolls.","og_description":"NG Veterinaris som professionals veterinaris i auxiliars que estimem la nostra feina. Als nostres centres veterinaris de Calella i Palafolls us atendrem.","og_url":"https:\/\/www.ngveterinaris.cat\/es\/aviso-legal-y-politica-de-privacidad\/","og_site_name":"NG Veterinaris","twitter_card":"summary_large_image","twitter_misc":{"Tiempo de lectura":"11 minutos"},"schema":{"@context":"https:\/\/schema.org","@graph":[{"@type":"WebPage","@id":"https:\/\/www.ngveterinaris.cat\/es\/aviso-legal-y-politica-de-privacidad\/","url":"https:\/\/www.ngveterinaris.cat\/es\/aviso-legal-y-politica-de-privacidad\/","name":"Aviso legal y pol\u00edtica de privacidad - NG Veterinaris. Centre Veterinari a Calella i Palafolls.","isPartOf":{"@id":"https:\/\/www.ngveterinaris.cat\/es\/#website"},"datePublished":"2018-10-25T14:43:17+00:00","description":"NG Veterinaris som professionals veterinaris i auxiliars que estimem la nostra feina. Als nostres centres veterinaris de Calella i Palafolls us atendrem.","breadcrumb":{"@id":"https:\/\/www.ngveterinaris.cat\/es\/aviso-legal-y-politica-de-privacidad\/#breadcrumb"},"inLanguage":"es","potentialAction":[{"@type":"ReadAction","target":["https:\/\/www.ngveterinaris.cat\/es\/aviso-legal-y-politica-de-privacidad\/"]}]},{"@type":"BreadcrumbList","@id":"https:\/\/www.ngveterinaris.cat\/es\/aviso-legal-y-politica-de-privacidad\/#breadcrumb","itemListElement":[{"@type":"ListItem","position":1,"name":"Inici","item":"https:\/\/www.ngveterinaris.cat\/es\/"},{"@type":"ListItem","position":2,"name":"Aviso legal y pol\u00edtica de privacidad"}]},{"@type":"WebSite","@id":"https:\/\/www.ngveterinaris.cat\/es\/#website","url":"https:\/\/www.ngveterinaris.cat\/es\/","name":"NG Veterinaris","description":"Veterinaris a Calella i Palafolls","publisher":{"@id":"https:\/\/www.ngveterinaris.cat\/es\/#organization"},"potentialAction":[{"@type":"SearchAction","target":{"@type":"EntryPoint","urlTemplate":"https:\/\/www.ngveterinaris.cat\/es\/?s={search_term_string}"},"query-input":{"@type":"PropertyValueSpecification","valueRequired":true,"valueName":"search_term_string"}}],"inLanguage":"es"},{"@type":"Organization","@id":"https:\/\/www.ngveterinaris.cat\/es\/#organization","name":"NG Centre Veterinari","url":"https:\/\/www.ngveterinaris.cat\/es\/","logo":{"@type":"ImageObject","inLanguage":"es","@id":"https:\/\/www.ngveterinaris.cat\/es\/#\/schema\/logo\/image\/","url":"https:\/\/www.ngveterinaris.cat\/wp-content\/uploads\/2016\/12\/2x_NG_veterinaris_logo.png","contentUrl":"https:\/\/www.ngveterinaris.cat\/wp-content\/uploads\/2016\/12\/2x_NG_veterinaris_logo.png","width":281,"height":100,"caption":"NG Centre Veterinari"},"image":{"@id":"https:\/\/www.ngveterinaris.cat\/es\/#\/schema\/logo\/image\/"}}]}},"_links":{"self":[{"href":"https:\/\/www.ngveterinaris.cat\/es\/wp-json\/wp\/v2\/pages\/1985","targetHints":{"allow":["GET"]}}],"collection":[{"href":"https:\/\/www.ngveterinaris.cat\/es\/wp-json\/wp\/v2\/pages"}],"about":[{"href":"https:\/\/www.ngveterinaris.cat\/es\/wp-json\/wp\/v2\/types\/page"}],"author":[{"embeddable":true,"href":"https:\/\/www.ngveterinaris.cat\/es\/wp-json\/wp\/v2\/users\/1"}],"replies":[{"embeddable":true,"href":"https:\/\/www.ngveterinaris.cat\/es\/wp-json\/wp\/v2\/comments?post=1985"}],"version-history":[{"count":0,"href":"https:\/\/www.ngveterinaris.cat\/es\/wp-json\/wp\/v2\/pages\/1985\/revisions"}],"wp:attachment":[{"href":"https:\/\/www.ngveterinaris.cat\/es\/wp-json\/wp\/v2\/media?parent=1985"}],"curies":[{"name":"wp","href":"https:\/\/api.w.org\/{rel}","templated":true}]}}